{"id":30,"date":"2025-06-09T19:46:00","date_gmt":"2025-06-09T19:46:00","guid":{"rendered":"http:\/\/www.burchard.net.pl\/?page_id=30"},"modified":"2025-06-09T18:30:48","modified_gmt":"2025-06-09T18:30:48","slug":"dane-kontaktowe","status":"publish","type":"page","link":"https:\/\/www.burchard.net.pl\/?page_id=30","title":{"rendered":"Dane kontaktowe"},"content":{"rendered":"\n<p>W\u0142a\u015bciciel strony: El\u017cbieta Charyna<\/p>\n\n\n\n<p>charynaela@gmail.com<\/p>\n\n\n<div class=\"wp-block-post-date\"><time datetime=\"2025-06-09T19:46:00+00:00\">9 czerwca, 2025<\/time><\/div>\n\n\n<p><\/p>\n","protected":false},"excerpt":{"rendered":"<p>W\u0142a\u015bciciel strony: El\u017cbieta Charyna charynaela@gmail.com<\/p>\n","protected":false},"author":1,"featured_media":0,"parent":0,"menu_order":0,"comment_status":"closed","ping_status":"closed","template":"","meta":{"footnotes":""},"class_list":["post-30","page","type-page","status-publish","hentry"],"_links":{"self":[{"href":"https:\/\/www.burchard.net.pl\/index.php?rest_route=\/wp\/v2\/pages\/30","targetHints":{"allow":["GET"]}}],"collection":[{"href":"https:\/\/www.burchard.net.pl\/index.php?rest_route=\/wp\/v2\/pages"}],"about":[{"href":"https:\/\/www.burchard.net.pl\/index.php?rest_route=\/wp\/v2\/types\/page"}],"author":[{"embeddable":true,"href":"https:\/\/www.burchard.net.pl\/index.php?rest_route=\/wp\/v2\/users\/1"}],"replies":[{"embeddable":true,"href":"https:\/\/www.burchard.net.pl\/index.php?rest_route=%2Fwp%2Fv2%2Fcomments&post=30"}],"version-history":[{"count":4,"href":"https:\/\/www.burchard.net.pl\/index.php?rest_route=\/wp\/v2\/pages\/30\/revisions"}],"predecessor-version":[{"id":600,"href":"https:\/\/www.burchard.net.pl\/index.php?rest_route=\/wp\/v2\/pages\/30\/revisions\/600"}],"wp:attachment":[{"href":"https:\/\/www.burchard.net.pl\/index.php?rest_route=%2Fwp%2Fv2%2Fmedia&parent=30"}],"curies":[{"name":"wp","href":"https:\/\/api.w.org\/{rel}","templated":true}]}}