{"id":5,"date":"2022-12-20T17:58:04","date_gmt":"2022-12-20T17:58:04","guid":{"rendered":"http:\/\/www.burchard.net.pl\/?page_id=5"},"modified":"2023-05-25T19:53:36","modified_gmt":"2023-05-25T19:53:36","slug":"historia-rodziny-burchardow","status":"publish","type":"page","link":"https:\/\/www.burchard.net.pl\/","title":{"rendered":"1. Historia rodziny Burchard\u00f3w"},"content":{"rendered":"\n<p>Ta strona prezentuje histori\u0119 emigracji rodziny Burchard\u00f3w z Nadrenii-Palatynatu (Rheinland-Pfalz) do Polski w XIX wieku. <\/p>\n\n\n\n<p>Dzi\u0119ki dost\u0119pnym w Internecie ksi\u0119gom parafialnym oraz drzewom genealogicznym uda\u0142o si\u0119 ustali\u0107 cz\u0142onk\u00f3w rodziny od najstarszych udokumentowanych mieszka\u0144c\u00f3w Palatynatu (Georg Burkhart, 1480 rok), poprzez losy braci Burkhart\u00f3w, kt\u00f3rzy wyemigrowali z Palatynatu do Polski i osiedlili si\u0119 w dzisiejszym \u0141\u00f3dzkiem, a\u017c do dziesi\u0105tek ich potomk\u00f3w.<\/p>\n\n\n\n<p>Pomocniczo zamieszczamy instrukcj\u0119 wyszukiwania dokument\u00f3w z ksi\u0105g parafialnych dost\u0119pnych w Internecie &#8211; <a href=\"https:\/\/www.burchard.net.pl\/?page_id=102\">Instrukcja<\/a>.<\/p>\n","protected":false},"excerpt":{"rendered":"<p>Ta strona prezentuje histori\u0119 emigracji rodziny Burchard\u00f3w z Nadrenii-Palatynatu (Rheinland-Pfalz) do Polski w XIX wieku. Dzi\u0119ki dost\u0119pnym w Internecie ksi\u0119gom parafialnym oraz drzewom genealogicznym uda\u0142o si\u0119 ustali\u0107 cz\u0142onk\u00f3w rodziny od najstarszych udokumentowanych mieszka\u0144c\u00f3w Palatynatu (Georg Burkhart, 1480 rok), poprzez losy braci Burkhart\u00f3w, kt\u00f3rzy wyemigrowali z Palatynatu do Polski i osiedlili si\u0119 w dzisiejszym \u0141\u00f3dzkiem, a\u017c [&hellip;]<\/p>\n","protected":false},"author":1,"featured_media":0,"parent":0,"menu_order":0,"comment_status":"closed","ping_status":"closed","template":"","meta":{"footnotes":""},"class_list":["post-5","page","type-page","status-publish","hentry"],"_links":{"self":[{"href":"https:\/\/www.burchard.net.pl\/index.php?rest_route=\/wp\/v2\/pages\/5","targetHints":{"allow":["GET"]}}],"collection":[{"href":"https:\/\/www.burchard.net.pl\/index.php?rest_route=\/wp\/v2\/pages"}],"about":[{"href":"https:\/\/www.burchard.net.pl\/index.php?rest_route=\/wp\/v2\/types\/page"}],"author":[{"embeddable":true,"href":"https:\/\/www.burchard.net.pl\/index.php?rest_route=\/wp\/v2\/users\/1"}],"replies":[{"embeddable":true,"href":"https:\/\/www.burchard.net.pl\/index.php?rest_route=%2Fwp%2Fv2%2Fcomments&post=5"}],"version-history":[{"count":21,"href":"https:\/\/www.burchard.net.pl\/index.php?rest_route=\/wp\/v2\/pages\/5\/revisions"}],"predecessor-version":[{"id":506,"href":"https:\/\/www.burchard.net.pl\/index.php?rest_route=\/wp\/v2\/pages\/5\/revisions\/506"}],"wp:attachment":[{"href":"https:\/\/www.burchard.net.pl\/index.php?rest_route=%2Fwp%2Fv2%2Fmedia&parent=5"}],"curies":[{"name":"wp","href":"https:\/\/api.w.org\/{rel}","templated":true}]}}